{"id":71582,"date":"2024-11-13T15:59:13","date_gmt":"2024-11-13T15:59:13","guid":{"rendered":"https:\/\/dkm-adwokat.pl\/?page_id=71582"},"modified":"2025-04-30T11:52:02","modified_gmt":"2025-04-30T11:52:02","slug":"faq","status":"publish","type":"page","link":"https:\/\/dkm-adwokat.pl\/index.php\/faq\/","title":{"rendered":"FAQ"},"content":{"rendered":"<p>[et_pb_section fb_built=&#8221;1&#8243; _builder_version=&#8221;4.9.2&#8243; _module_preset=&#8221;default&#8221;][\/et_pb_section][et_pb_section fb_built=&#8221;1&#8243; custom_padding_last_edited=&#8221;on|tablet&#8221; module_class=&#8221;lawyer-21-a-inlbtn&#8221; _builder_version=&#8221;4.9.2&#8243; _module_preset=&#8221;default&#8221; background_image=&#8221;http:\/\/dkm-adwokat.pl\/wp-content\/uploads\/2024\/02\/lawyer-28-a-hba-15.jpg&#8221; custom_margin=&#8221;0px||0px||false|false&#8221; custom_padding=&#8221;200px||260px||false|false&#8221; custom_padding_tablet=&#8221;150px||210px||false|false&#8221; custom_padding_phone=&#8221;90px||160px||false|false&#8221; animation_style=&#8221;fade&#8221; animation_duration=&#8221;700ms&#8221; animation_speed_curve=&#8221;ease&#8221; global_colors_info=&#8221;{}&#8221;][\/et_pb_section][et_pb_section fb_built=&#8221;1&#8243; _builder_version=&#8221;4.16&#8243; _module_preset=&#8221;default&#8221; custom_padding=&#8221;4px||4px||true|false&#8221; global_colors_info=&#8221;{}&#8221;][et_pb_row use_custom_gutter=&#8221;on&#8221; gutter_width=&#8221;2&#8243; make_equal=&#8221;on&#8221; _builder_version=&#8221;4.19.2&#8243; _module_preset=&#8221;default&#8221; width=&#8221;90%&#8221; width_tablet=&#8221;90%&#8221; width_phone=&#8221;90%&#8221; width_last_edited=&#8221;on|desktop&#8221; max_width_tablet=&#8221;90%&#8221; max_width_phone=&#8221;90%&#8221; max_width_last_edited=&#8221;off|desktop&#8221; custom_padding=&#8221;0px||0px||false|false&#8221; global_colors_info=&#8221;{}&#8221;][et_pb_column type=&#8221;4_4&#8243; _builder_version=&#8221;4.16&#8243; _module_preset=&#8221;default&#8221; global_colors_info=&#8221;{}&#8221;][et_pb_divider color=&#8221;#969696&#8243; divider_weight=&#8221;2px&#8221; _builder_version=&#8221;4.19.2&#8243; _module_preset=&#8221;default&#8221; max_width=&#8221;56px&#8221; module_alignment=&#8221;center&#8221; custom_margin=&#8221;-17px||||false|false&#8221; global_colors_info=&#8221;{}&#8221;][\/et_pb_divider][\/et_pb_column][\/et_pb_row][et_pb_row _builder_version=&#8221;4.23.1&#8243; _module_preset=&#8221;default&#8221; width=&#8221;90%&#8221; max_width=&#8221;610px&#8221; custom_margin=&#8221;0px||48px||false|false&#8221; custom_padding=&#8221;0px||0px||false|false&#8221; custom_css_main_element=&#8221;text-align:center;&#8221; global_colors_info=&#8221;{}&#8221;][et_pb_column type=&#8221;4_4&#8243; _builder_version=&#8221;4.23.1&#8243; _module_preset=&#8221;default&#8221; global_colors_info=&#8221;{}&#8221;][et_pb_image src=&#8221;http:\/\/dkm-adwokat.pl\/wp-content\/uploads\/2024\/02\/lawyer-19-agreement.png&#8221; title_text=&#8221;lawyer-19-agreement&#8221; align=&#8221;center&#8221; _builder_version=&#8221;4.9.2&#8243; _module_preset=&#8221;default&#8221; background_color=&#8221;#c9b38c&#8221; height=&#8221;25px&#8221; custom_margin=&#8221;0px||23px||false|false&#8221; custom_css_main_element=&#8221;display:inline-block;||border-radius:50%;||padding:12px;||border:5px solid #f4f0e8;||&#8221; global_colors_info=&#8221;{}&#8221;][\/et_pb_image][et_pb_text _builder_version=&#8221;4.9.2&#8243; _module_preset=&#8221;default&#8221; header_2_font=&#8221;EB Garamond||||||||&#8221; header_2_text_align=&#8221;center&#8221; header_2_text_color=&#8221;#262b3e&#8221; header_2_font_size=&#8221;42px&#8221; header_2_line_height=&#8221;1.1em&#8221; custom_margin=&#8221;0px||3px||false|false&#8221; custom_padding=&#8221;0px||0px||false|false&#8221; header_2_font_size_tablet=&#8221;42px&#8221; header_2_font_size_phone=&#8221;30px&#8221; header_2_font_size_last_edited=&#8221;on|phone&#8221; global_colors_info=&#8221;{}&#8221;]<\/p>\n<h2>FAQ<\/h2>\n<p>[\/et_pb_text][\/et_pb_column][\/et_pb_row][\/et_pb_section][et_pb_section fb_built=&#8221;1&#8243; _builder_version=&#8221;4.9.2&#8243; custom_padding=&#8221;0px|0px|0px|0px|true|false&#8221;][et_pb_row column_structure=&#8221;1_3,2_3&#8243; _builder_version=&#8221;3.25&#8243; min_height=&#8221;1427.9px&#8221;][et_pb_column type=&#8221;1_3&#8243; _builder_version=&#8221;3.25&#8243; custom_padding=&#8221;|||&#8221; custom_padding__hover=&#8221;|||&#8221;][et_pb_text _builder_version=&#8221;3.27.4&#8243; text_font=&#8221;Roboto|300|||||||&#8221; text_text_color=&#8221;#000000&#8243; text_font_size=&#8221;15px&#8221; text_line_height=&#8221;1.8em&#8221; header_font=&#8221;Poppins|700|||||||&#8221; header_text_color=&#8221;#000000&#8243; header_line_height=&#8221;1.6em&#8221;]<\/p>\n<h1>Najcz\u0119\u015bciej zadawane pytania<\/h1>\n<p>&nbsp;<\/p>\n<p>W tej sekcji znajdziesz odpowiedzi na najcz\u0119\u015bciej zadawane pytania dotycz\u0105ce rozwod\u00f3w. Dowiesz si\u0119, jak przygotowa\u0107 pozew, jakie dokumenty s\u0105 potrzebne i jakie kroki podj\u0105\u0107, aby proces przebiega\u0142 sprawnie. Prosto i jasno wyja\u015bniamy najwa\u017cniejsze kwestie prawne zwi\u0105zane z rozwodem.<\/p>\n<p>[\/et_pb_text][\/et_pb_column][et_pb_column type=&#8221;2_3&#8243; _builder_version=&#8221;3.25&#8243; custom_padding=&#8221;|||&#8221; custom_padding__hover=&#8221;|||&#8221;][et_pb_text _builder_version=&#8221;3.27.4&#8243; text_font=&#8221;Roboto|300|||||||&#8221; text_text_color=&#8221;#000000&#8243; text_font_size=&#8221;15px&#8221; text_line_height=&#8221;1.8em&#8221; header_font=&#8221;Poppins|600|||||||&#8221; header_text_color=&#8221;#000000&#8243; header_font_size=&#8221;20px&#8221; header_line_height=&#8221;1.3em&#8221;]<\/p>\n<h1><span>W jaki spos\u00f3b napisa\u0107 pozew rozwodowy<\/span><\/h1>\n<p><span>Rozw\u00f3d jest jednym z najbardziej skomplikowanych i emocjonalnie obci\u0105\u017caj\u0105cych proces\u00f3w prawnych, jakie kiedykolwiek mog\u0105 spotka\u0107 ma\u0142\u017conk\u00f3w. Jednak w\u0142a\u015bciwe przygotowanie i z\u0142o\u017cenie pozwu rozwodowego mo\u017ce znacznie u\u0142atwi\u0107 ten proces. W niniejszym artykule om\u00f3wimy kluczowe kroki i elementy, kt\u00f3re nale\u017cy uwzgl\u0119dni\u0107 przy pisaniu pozwu rozwodowego.<\/span><\/p>\n<p>[\/et_pb_text][et_pb_text _builder_version=&#8221;4.9.2&#8243; text_font=&#8221;Roboto|300|||||||&#8221; text_text_color=&#8221;#000000&#8243; text_font_size=&#8221;15px&#8221; text_line_height=&#8221;1.8em&#8221; header_font=&#8221;Poppins|600|||||||&#8221; header_text_color=&#8221;#000000&#8243; header_font_size=&#8221;20px&#8221; header_line_height=&#8221;1.3em&#8221;]<\/p>\n<h1><span>Konsultacja z prawnikiem<\/span><\/h1>\n<p><span>Zanim przyst\u0105pisz do napisania pozwu rozwodowego, zaleca si\u0119 skonsultowanie si\u0119 z do\u015bwiadczonym prawnikiem specjalizuj\u0105cym si\u0119 w sprawach rozwodowych. Prawnik pomo\u017ce ci zrozumie\u0107 prawa i obowi\u0105zki zwi\u0105zane z rozwodem oraz poinformuje o ewentualnych konsekwencjach prawnych.<\/span><\/p>\n<p>[\/et_pb_text][et_pb_text _builder_version=&#8221;3.27.4&#8243; text_font=&#8221;Roboto|300|||||||&#8221; text_text_color=&#8221;#000000&#8243; text_font_size=&#8221;15px&#8221; text_line_height=&#8221;1.8em&#8221; header_font=&#8221;Poppins|600|||||||&#8221; header_text_color=&#8221;#000000&#8243; header_font_size=&#8221;20px&#8221; header_line_height=&#8221;1.3em&#8221;]<\/p>\n<h1><span>Do jakiego S\u0105du z\u0142o\u017cy\u0107 pozew<\/span><\/h1>\n<p><span>Zawsze jest to S\u0105d Okr\u0119gowy. Zazwyczaj S\u0105d w\u0142a\u015bciwy do rozpatrzenia sprawy rozwodowej jest s\u0105dem znajduj\u0105cym si\u0119 w miejscu zamieszkania jednej ze stron lub miejscu ostatniego wsp\u00f3lnego zamieszkania ma\u0142\u017conk\u00f3w. Je\u015bli ma\u0142\u017conkowie mieszkaj\u0105 w r\u00f3\u017cnych miejscach, mo\u017cna wybra\u0107 s\u0105d w\u0142a\u015bciwy ze wzgl\u0119du na miejsce zamieszkania jednego z nich.<\/span><\/p>\n<p>[\/et_pb_text][et_pb_text _builder_version=&#8221;3.27.4&#8243; text_font=&#8221;Roboto|300|||||||&#8221; text_text_color=&#8221;#000000&#8243; text_font_size=&#8221;15px&#8221; text_line_height=&#8221;1.8em&#8221; header_font=&#8221;Poppins|600|||||||&#8221; header_text_color=&#8221;#000000&#8243; header_font_size=&#8221;20px&#8221; header_line_height=&#8221;1.3em&#8221;]<\/p>\n<h1><span>Okre\u015blenie podstaw rozwodu<\/span><\/h1>\n<p><span>W pozew rozwodowy nale\u017cy zawrze\u0107 podstawy, na kt\u00f3rych opierasz swoje \u017c\u0105danie rozwodu. Podstawy te mog\u0105 obejmowa\u0107 zdrad\u0119, bezpodstawne opuszczenie wsp\u00f3lnego mieszkania, niemo\u017cno\u015b\u0107 dalszego \u017cycia razem ze wsp\u00f3\u0142ma\u0142\u017conkiem itp. Podanie prawdziwych i konkretnej podstawy rozwodu jest kluczowe dla pomy\u015blnego procesu rozwodowego.<\/span><\/p>\n<p><span><\/span><\/p>\n<h1><span>Opis okoliczno\u015bci faktycznych<\/span><\/h1>\n<p><span>W pozwie rozwodowym powiniene\u015b przedstawi\u0107 szczeg\u00f3\u0142owy opis okoliczno\u015bci faktycznych prowadz\u0105cych do decyzji o rozwodzie. Nale\u017cy opisa\u0107 dat\u0119 i okoliczno\u015bci zawarcia ma\u0142\u017ce\u0144stwa, problemy, kt\u00f3re wyst\u0105pi\u0142y w trakcie ma\u0142\u017ce\u0144stwa oraz wszelkie istotne wydarzenia, kt\u00f3re mia\u0142y wp\u0142yw na decyzj\u0119 o rozwodzie.<\/span><\/p>\n<p><span><\/span><\/p>\n<h1><span>Wnioski co do dzieci i maj\u0105tku<\/span><\/h1>\n<p><span>Je\u015bli posiadasz dzieci lub wsp\u00f3lny maj\u0105tek z ma\u0142\u017conkiem, w pozwie rozwodowym nale\u017cy zawrze\u0107 r\u00f3wnie\u017c wnioski dotycz\u0105ce opieki nad dzie\u0107mi, kontaktach z dzie\u0107mi oraz mo\u017cesz tak\u017ce zgodnie podzieli\u0107 maj\u0105tek. Nale\u017cy jasno okre\u015bli\u0107, jakie s\u0105 twoje oczekiwania co do podzia\u0142u maj\u0105tku oraz kwestii zwi\u0105zanych z opiek\u0105 nad dzie\u0107mi.<\/span><\/p>\n<h1><span>Wniosek o alimenty lub inne \u015bwiadczenia<\/span><\/h1>\n<p><span>Je\u015bli zamierzasz \u017c\u0105da\u0107 od ma\u0142\u017conka p\u0142acenia aliment\u00f3w lub innych \u015bwiadcze\u0144, nale\u017cy zawrze\u0107 stosowny wniosek w pozwie rozwodowym. Nale\u017cy okre\u015bli\u0107 wysoko\u015b\u0107 \u017c\u0105danych aliment\u00f3w oraz uzasadni\u0107 swoje roszczenie.A tak\u017ce pami\u0119taj o wniosku o zabezpieczenie aliment\u00f3w.<\/span><\/p>\n<h1><span>Przygotowanie dokument\u00f3w wspieraj\u0105cych<\/span><\/h1>\n<p><span>Do pozwu rozwodowego mo\u017cna do\u0142\u0105czy\u0107 r\u00f3\u017cnego rodzaju dokumenty wspieraj\u0105ce, takie jak kserokopie aktu ma\u0142\u017ce\u0144stwa, dokumenty dotycz\u0105ce wsp\u00f3lnego maj\u0105tku, dowody zdrady, potwierdzenia wysoko\u015bci zarobk\u00f3w oraz wydatk\u00f3w obu stron, itp. Przygotowanie odpowiednich dokument\u00f3w mo\u017ce u\u0142atwi\u0107 i przyspieszy\u0107 proces rozwodowy.<\/span><\/p>\n<p>[\/et_pb_text][\/et_pb_column][\/et_pb_row][\/et_pb_section]<\/p>\n","protected":false},"excerpt":{"rendered":"<p>[et_pb_section fb_built=&#8221;1&#8243; _builder_version=&#8221;4.9.2&#8243; _module_preset=&#8221;default&#8221;][\/et_pb_section][et_pb_section fb_built=&#8221;1&#8243; custom_padding_last_edited=&#8221;on|tablet&#8221; module_class=&#8221;lawyer-21-a-inlbtn&#8221; _builder_version=&#8221;4.9.2&#8243; _module_preset=&#8221;default&#8221; background_image=&#8221;http:\/\/dkm-adwokat.pl\/wp-content\/uploads\/2024\/02\/lawyer-28-a-hba-15.jpg&#8221; custom_margin=&#8221;0px||0px||false|false&#8221; custom_padding=&#8221;200px||260px||false|false&#8221; custom_padding_tablet=&#8221;150px||210px||false|false&#8221; custom_padding_phone=&#8221;90px||160px||false|false&#8221; animation_style=&#8221;fade&#8221; animation_duration=&#8221;700ms&#8221; animation_speed_curve=&#8221;ease&#8221; global_colors_info=&#8221;{}&#8221;][\/et_pb_section][et_pb_section fb_built=&#8221;1&#8243; _builder_version=&#8221;4.16&#8243; _module_preset=&#8221;default&#8221; custom_padding=&#8221;4px||4px||true|false&#8221; global_colors_info=&#8221;{}&#8221;][et_pb_row use_custom_gutter=&#8221;on&#8221; gutter_width=&#8221;2&#8243; make_equal=&#8221;on&#8221; _builder_version=&#8221;4.19.2&#8243; _module_preset=&#8221;default&#8221; width=&#8221;90%&#8221; width_tablet=&#8221;90%&#8221; width_phone=&#8221;90%&#8221; width_last_edited=&#8221;on|desktop&#8221; max_width_tablet=&#8221;90%&#8221; max_width_phone=&#8221;90%&#8221; max_width_last_edited=&#8221;off|desktop&#8221; custom_padding=&#8221;0px||0px||false|false&#8221; global_colors_info=&#8221;{}&#8221;][et_pb_column type=&#8221;4_4&#8243; _builder_version=&#8221;4.16&#8243; _module_preset=&#8221;default&#8221; global_colors_info=&#8221;{}&#8221;][et_pb_divider color=&#8221;#969696&#8243; divider_weight=&#8221;2px&#8221; _builder_version=&#8221;4.19.2&#8243; _module_preset=&#8221;default&#8221; max_width=&#8221;56px&#8221; module_alignment=&#8221;center&#8221; custom_margin=&#8221;-17px||||false|false&#8221; global_colors_info=&#8221;{}&#8221;][\/et_pb_divider][\/et_pb_column][\/et_pb_row][et_pb_row _builder_version=&#8221;4.23.1&#8243; _module_preset=&#8221;default&#8221; width=&#8221;90%&#8221; max_width=&#8221;610px&#8221; custom_margin=&#8221;0px||48px||false|false&#8221; custom_padding=&#8221;0px||0px||false|false&#8221; [&hellip;]<\/p>\n","protected":false},"author":1,"featured_media":0,"parent":0,"menu_order":0,"comment_status":"closed","ping_status":"closed","template":"","meta":{"_et_pb_use_builder":"on","_et_pb_old_content":"","_et_gb_content_width":"","footnotes":""},"class_list":["post-71582","page","type-page","status-publish","hentry"],"_links":{"self":[{"href":"https:\/\/dkm-adwokat.pl\/index.php\/wp-json\/wp\/v2\/pages\/71582","targetHints":{"allow":["GET"]}}],"collection":[{"href":"https:\/\/dkm-adwokat.pl\/index.php\/wp-json\/wp\/v2\/pages"}],"about":[{"href":"https:\/\/dkm-adwokat.pl\/index.php\/wp-json\/wp\/v2\/types\/page"}],"author":[{"embeddable":true,"href":"https:\/\/dkm-adwokat.pl\/index.php\/wp-json\/wp\/v2\/users\/1"}],"replies":[{"embeddable":true,"href":"https:\/\/dkm-adwokat.pl\/index.php\/wp-json\/wp\/v2\/comments?post=71582"}],"version-history":[{"count":9,"href":"https:\/\/dkm-adwokat.pl\/index.php\/wp-json\/wp\/v2\/pages\/71582\/revisions"}],"predecessor-version":[{"id":71600,"href":"https:\/\/dkm-adwokat.pl\/index.php\/wp-json\/wp\/v2\/pages\/71582\/revisions\/71600"}],"wp:attachment":[{"href":"https:\/\/dkm-adwokat.pl\/index.php\/wp-json\/wp\/v2\/media?parent=71582"}],"curies":[{"name":"wp","href":"https:\/\/api.w.org\/{rel}","templated":true}]}}